{"id":8,"date":"2018-11-08T23:58:12","date_gmt":"2018-11-08T22:58:12","guid":{"rendered":"http:\/\/tuttistori.com\/?page_id=8"},"modified":"2018-11-09T02:31:17","modified_gmt":"2018-11-09T01:31:17","slug":"a-propos-de","status":"publish","type":"page","link":"https:\/\/tuttistori.com\/index.php\/a-propos-de\/","title":{"rendered":"\u00c0 propos"},"content":{"rendered":"<p>La suite logicielle TuttiStori donne la possibilit\u00e9 de travailler sur un ordinateur simple (type mac ou pc) en mode connect\u00e9 ou non. L\u2019\u00e9change d\u2019histoires peut alors se faire entre deux \u00e9coles distantes. La plateforme en ligne vise \u00e0 faciliter l\u2019\u00e9change entre des communaut\u00e9s et permet \u00e0 moindre co\u00fbt des jumelages multiculturels.<\/p>\n<p>&nbsp;<\/p>\n<ul>\n<li>Logiciel de cr\u00e9ation d\u2019histoires<\/li>\n<li>Ecriture collaborative<\/li>\n<li>Ateliers de Cr\u00e9ativit\u00e9<\/li>\n<li>Formation et Enseignement<\/li>\n<li>Jumelages multiculturels<\/li>\n<li>Passerelle pour la francophonie<\/li>\n<\/ul>\n<p>&nbsp;<\/p>\n<p><b>Cr\u00e9ation<\/b><\/p>\n<ul>\n<li>Pour les enseignants avec leurs \u00e9l\u00e8ves<\/li>\n<li>Pour les animateurs avec leur public<\/li>\n<li>Pour les parents avec leurs enfants<\/li>\n<li>Pour les enfants eux-m\u00eames<\/li>\n<li>Pour les conteurs et illustrateurs professionnels<\/li>\n<\/ul>\n","protected":false},"excerpt":{"rendered":"<p>La suite logicielle TuttiStori donne la possibilit\u00e9 de travailler sur un ordinateur simple (type mac ou pc) en mode connect\u00e9 ou non. L\u2019\u00e9change d\u2019histoires peut alors se faire entre deux \u00e9coles distantes. La plateforme en ligne vise \u00e0 faciliter l\u2019\u00e9change&hellip;&nbsp;<a href=\"https:\/\/tuttistori.com\/index.php\/a-propos-de\/\" class=\"more-link\">Lire la suite<\/a><\/p>\n","protected":false},"author":1,"featured_media":59,"parent":0,"menu_order":0,"comment_status":"closed","ping_status":"closed","template":"","meta":[],"_links":{"self":[{"href":"https:\/\/tuttistori.com\/index.php\/wp-json\/wp\/v2\/pages\/8"}],"collection":[{"href":"https:\/\/tuttistori.com\/index.php\/wp-json\/wp\/v2\/pages"}],"about":[{"href":"https:\/\/tuttistori.com\/index.php\/wp-json\/wp\/v2\/types\/page"}],"author":[{"embeddable":true,"href":"https:\/\/tuttistori.com\/index.php\/wp-json\/wp\/v2\/users\/1"}],"replies":[{"embeddable":true,"href":"https:\/\/tuttistori.com\/index.php\/wp-json\/wp\/v2\/comments?post=8"}],"version-history":[{"count":4,"href":"https:\/\/tuttistori.com\/index.php\/wp-json\/wp\/v2\/pages\/8\/revisions"}],"predecessor-version":[{"id":77,"href":"https:\/\/tuttistori.com\/index.php\/wp-json\/wp\/v2\/pages\/8\/revisions\/77"}],"wp:featuredmedia":[{"embeddable":true,"href":"https:\/\/tuttistori.com\/index.php\/wp-json\/wp\/v2\/media\/59"}],"wp:attachment":[{"href":"https:\/\/tuttistori.com\/index.php\/wp-json\/wp\/v2\/media?parent=8"}],"curies":[{"name":"wp","href":"https:\/\/api.w.org\/{rel}","templated":true}]}}