{"id":7,"date":"2018-11-08T23:58:12","date_gmt":"2018-11-08T22:58:12","guid":{"rendered":"http:\/\/tuttistori.com\/?page_id=7"},"modified":"2018-11-12T02:07:52","modified_gmt":"2018-11-12T01:07:52","slug":"accueil","status":"publish","type":"page","link":"https:\/\/tuttistori.com\/","title":{"rendered":"Accueil"},"content":{"rendered":"<p><img loading=\"lazy\" class=\"alignnone wp-image-33\" src=\"http:\/\/tuttistori.com\/wp-content\/uploads\/2018\/11\/LOGO_TUTTISTORI_512x512_jpeg-e1541719646112-300x300.jpg\" alt=\"\" width=\"100\" height=\"100\" \/><\/p>\n<p>TuttiStori propose des logiciels et une plateforme d\u00e9di\u00e9s \u00e0 l\u2019enseignement et la cr\u00e9ation d\u2019histoires pour les enfants entre 4 et 11 ans.<\/p>\n<p>Ecrire une histoire mobilise concentration, cr\u00e9ativit\u00e9 et communication. TuttiStori propose une interface simple et r\u00e9volutionnaire qui permet aux enfants et enseignants une prise en main imm\u00e9diate et donne acc\u00e8s \u00e0 des centaines de ressources graphiques pour \u00e9laborer en classe des histoires.<\/p>\n<p>Il est possible d\u2019ajouter ses cr\u00e9ations originales et de les m\u00e9langer avec un grand nombre d\u2019univers graphiques pour des possibilit\u00e9s narratives infinies.<\/p>\n<p>Compatible avec les Tableaux Blancs Interactifs et tous les vid\u00e9oprojecteurs, TuttiStori permet une immersion dans des univers. Diff\u00e9rentes utilisations sont possibles en classe\u00a0: par groupe, en mode improvisation th\u00e9\u00e2trale sur une courte s\u00e9ance ou bien en atelier d\u2019\u00e9criture sur un mois, ces activit\u00e9s sont tr\u00e8s pris\u00e9es car elles permettent aux enfants de cr\u00e9er seuls ou en groupes des histoires.<\/p>\n<p>&nbsp;<\/p>\n<p style=\"font-weight: 400;\">\n","protected":false},"excerpt":{"rendered":"<p>TuttiStori propose des logiciels et une plateforme d\u00e9di\u00e9s \u00e0 l\u2019enseignement et la cr\u00e9ation d\u2019histoires pour les enfants entre 4 et 11 ans. Ecrire une histoire mobilise concentration, cr\u00e9ativit\u00e9 et communication. TuttiStori propose une interface simple et r\u00e9volutionnaire qui permet aux&hellip;&nbsp;<a href=\"https:\/\/tuttistori.com\/\" class=\"more-link\">Lire la suite<\/a><\/p>\n","protected":false},"author":1,"featured_media":142,"parent":0,"menu_order":0,"comment_status":"closed","ping_status":"closed","template":"","meta":[],"_links":{"self":[{"href":"https:\/\/tuttistori.com\/index.php\/wp-json\/wp\/v2\/pages\/7"}],"collection":[{"href":"https:\/\/tuttistori.com\/index.php\/wp-json\/wp\/v2\/pages"}],"about":[{"href":"https:\/\/tuttistori.com\/index.php\/wp-json\/wp\/v2\/types\/page"}],"author":[{"embeddable":true,"href":"https:\/\/tuttistori.com\/index.php\/wp-json\/wp\/v2\/users\/1"}],"replies":[{"embeddable":true,"href":"https:\/\/tuttistori.com\/index.php\/wp-json\/wp\/v2\/comments?post=7"}],"version-history":[{"count":6,"href":"https:\/\/tuttistori.com\/index.php\/wp-json\/wp\/v2\/pages\/7\/revisions"}],"predecessor-version":[{"id":141,"href":"https:\/\/tuttistori.com\/index.php\/wp-json\/wp\/v2\/pages\/7\/revisions\/141"}],"wp:featuredmedia":[{"embeddable":true,"href":"https:\/\/tuttistori.com\/index.php\/wp-json\/wp\/v2\/media\/142"}],"wp:attachment":[{"href":"https:\/\/tuttistori.com\/index.php\/wp-json\/wp\/v2\/media?parent=7"}],"curies":[{"name":"wp","href":"https:\/\/api.w.org\/{rel}","templated":true}]}}