{"id":2,"date":"2018-11-08T22:50:21","date_gmt":"2018-11-08T21:50:21","guid":{"rendered":"http:\/\/tuttistori.com\/?page_id=2"},"modified":"2018-11-09T12:37:33","modified_gmt":"2018-11-09T11:37:33","slug":"page-d-exemple","status":"publish","type":"page","link":"https:\/\/tuttistori.com\/index.php\/page-d-exemple\/","title":{"rendered":"Nos offres et services"},"content":{"rendered":"<p><img loading=\"lazy\" class=\"alignnone size-medium wp-image-127\" src=\"http:\/\/tuttistori.com\/wp-content\/uploads\/2018\/11\/2018-11-07_16.25.56-3-300x103.jpg\" alt=\"\" width=\"300\" height=\"103\" srcset=\"https:\/\/tuttistori.com\/wp-content\/uploads\/2018\/11\/2018-11-07_16.25.56-3-300x103.jpg 300w, https:\/\/tuttistori.com\/wp-content\/uploads\/2018\/11\/2018-11-07_16.25.56-3-768x262.jpg 768w, https:\/\/tuttistori.com\/wp-content\/uploads\/2018\/11\/2018-11-07_16.25.56-3-1024x350.jpg 1024w, https:\/\/tuttistori.com\/wp-content\/uploads\/2018\/11\/2018-11-07_16.25.56-3-360x123.jpg 360w, https:\/\/tuttistori.com\/wp-content\/uploads\/2018\/11\/2018-11-07_16.25.56-3.jpg 1080w\" sizes=\"(max-width: 300px) 100vw, 300px\" \/> <img loading=\"lazy\" class=\"alignnone size-medium wp-image-128\" src=\"http:\/\/tuttistori.com\/wp-content\/uploads\/2018\/11\/2018-11-07_16.25.56-4-300x102.jpg\" alt=\"\" width=\"300\" height=\"102\" srcset=\"https:\/\/tuttistori.com\/wp-content\/uploads\/2018\/11\/2018-11-07_16.25.56-4-300x102.jpg 300w, https:\/\/tuttistori.com\/wp-content\/uploads\/2018\/11\/2018-11-07_16.25.56-4-768x260.jpg 768w, https:\/\/tuttistori.com\/wp-content\/uploads\/2018\/11\/2018-11-07_16.25.56-4-1024x347.jpg 1024w, https:\/\/tuttistori.com\/wp-content\/uploads\/2018\/11\/2018-11-07_16.25.56-4-360x122.jpg 360w, https:\/\/tuttistori.com\/wp-content\/uploads\/2018\/11\/2018-11-07_16.25.56-4.jpg 1080w\" sizes=\"(max-width: 300px) 100vw, 300px\" \/> \u00a0\u00a0<img loading=\"lazy\" class=\"alignnone size-medium wp-image-60\" src=\"http:\/\/tuttistori.com\/wp-content\/uploads\/2018\/11\/lion-en-beton-300x138.jpg\" alt=\"\" width=\"300\" height=\"138\" srcset=\"https:\/\/tuttistori.com\/wp-content\/uploads\/2018\/11\/lion-en-beton-300x138.jpg 300w, https:\/\/tuttistori.com\/wp-content\/uploads\/2018\/11\/lion-en-beton-360x165.jpg 360w, https:\/\/tuttistori.com\/wp-content\/uploads\/2018\/11\/lion-en-beton.jpg 620w\" sizes=\"(max-width: 300px) 100vw, 300px\" \/> <img loading=\"lazy\" class=\"alignnone size-medium wp-image-59\" src=\"http:\/\/tuttistori.com\/wp-content\/uploads\/2018\/11\/hiver-300x114.jpg\" alt=\"\" width=\"300\" height=\"114\" srcset=\"https:\/\/tuttistori.com\/wp-content\/uploads\/2018\/11\/hiver-300x114.jpg 300w, https:\/\/tuttistori.com\/wp-content\/uploads\/2018\/11\/hiver-360x137.jpg 360w, https:\/\/tuttistori.com\/wp-content\/uploads\/2018\/11\/hiver.jpg 620w\" sizes=\"(max-width: 300px) 100vw, 300px\" \/><\/p>\n<ul>\n<li>Contrat de licences pour les logiciels par ville, acad\u00e9mie et par r\u00e9gion, pour les \u00e9coles et biblioth\u00e8ques.<\/li>\n<li>Formations et Mooc pour la mise en place d&rsquo; ateliers de cr\u00e9ativit\u00e9 pour les\u00a0 \u00e9coles et biblioth\u00e8ques.<\/li>\n<li>D\u00e9ploiement des infrastructures d&rsquo;\u00e9changes en ligne via notre partenaire OVH, mise en place du mode collaboratif entre les \u00e9coles.<\/li>\n<li>Acc\u00e8s aux catalogues contenant des s\u00e9lections d\u2019images compatibles avec les programmes (Culture, Histoire, G\u00e9ograhie\u2026).<\/li>\n<\/ul>\n<p>&nbsp;<\/p>\n","protected":false},"excerpt":{"rendered":"<p>\u00a0\u00a0 Contrat de licences pour les logiciels par ville, acad\u00e9mie et par r\u00e9gion, pour les \u00e9coles et biblioth\u00e8ques. Formations et Mooc pour la mise en place d&rsquo; ateliers de cr\u00e9ativit\u00e9 pour les\u00a0 \u00e9coles et biblioth\u00e8ques. D\u00e9ploiement des infrastructures d&rsquo;\u00e9changes en&hellip;&nbsp;<a href=\"https:\/\/tuttistori.com\/index.php\/page-d-exemple\/\" class=\"more-link\">Lire la suite<\/a><\/p>\n","protected":false},"author":1,"featured_media":0,"parent":0,"menu_order":0,"comment_status":"closed","ping_status":"open","template":"","meta":[],"_links":{"self":[{"href":"https:\/\/tuttistori.com\/index.php\/wp-json\/wp\/v2\/pages\/2"}],"collection":[{"href":"https:\/\/tuttistori.com\/index.php\/wp-json\/wp\/v2\/pages"}],"about":[{"href":"https:\/\/tuttistori.com\/index.php\/wp-json\/wp\/v2\/types\/page"}],"author":[{"embeddable":true,"href":"https:\/\/tuttistori.com\/index.php\/wp-json\/wp\/v2\/users\/1"}],"replies":[{"embeddable":true,"href":"https:\/\/tuttistori.com\/index.php\/wp-json\/wp\/v2\/comments?post=2"}],"version-history":[{"count":6,"href":"https:\/\/tuttistori.com\/index.php\/wp-json\/wp\/v2\/pages\/2\/revisions"}],"predecessor-version":[{"id":134,"href":"https:\/\/tuttistori.com\/index.php\/wp-json\/wp\/v2\/pages\/2\/revisions\/134"}],"wp:attachment":[{"href":"https:\/\/tuttistori.com\/index.php\/wp-json\/wp\/v2\/media?parent=2"}],"curies":[{"name":"wp","href":"https:\/\/api.w.org\/{rel}","templated":true}]}}